{"id":33,"date":"2017-09-27T15:06:19","date_gmt":"2017-09-27T13:06:19","guid":{"rendered":"https:\/\/dev.carrier-geometre.com\/?page_id=33"},"modified":"2023-10-16T18:49:04","modified_gmt":"2023-10-16T16:49:04","slug":"collectivites","status":"publish","type":"page","link":"https:\/\/dev.carrier-geometre.com\/index.php\/accueil\/collectivites\/","title":{"rendered":"Collectivit\u00e9s"},"content":{"rendered":"<div class=\"wpb-content-wrapper\"><p>[vc_row full_width=&#8221;stretch_row_content_no_spaces&#8221; css=&#8221;.vc_custom_1513762770828{margin-bottom: 30px !important;padding-top: 10px !important;padding-right: 10px !important;padding-bottom: 10px !important;padding-left: 10px !important;background-color: #5a4f4a !important;}&#8221;][vc_column offset=&#8221;vc_hidden-lg vc_hidden-md vc_hidden-sm&#8221;][vc_raw_html css=&#8221;.vc_custom_1513844344726{margin-top: 10px !important;margin-bottom: 10px !important;}&#8221;]JTNDY2VudGVyJTNFJTBBJTNDZm9udCUyMGNvbG9yJTNEJTIyJTIzYzlkMjAwJTIyJTNFJTNDZGl2JTIwY2xhc3MlM0QlMjJpY29uJTIyJTNFJTNDaSUyMGNsYXNzJTNEJTIyZmElMjBzdG0tcXVvdGUyJTIyJTNFJTIwQ29udGFjdCUzQyUyRmklM0UlM0MlMkZkaXYlM0UlM0MlMkZmb250JTNFJTBBJTNDZGl2JTIwY2xhc3MlM0QlMjJ0ZXh0JTIyJTNFJTNDc3Ryb25nJTNFJTNDYiUzRTA0JTIwNTAlMjAwMyUyMDAxJTIwMDAlM0MlMkZiJTNFJTIwJUUyJTgwJUEyJTIwJTNDYSUyMGhyZWYlM0QlMjJtYWlsdG8lM0FpbmZvJTQwY2Fycmllci1nZW9tZXRyZS5jb20lM0ZzdWJqZWN0JTNEQ29udGFjdCUyNTIwU2l0ZSUyNTIwV2ViJTIyJTIwdGFyZ2V0JTNEJTIyX3RvcCUyMiUzRWluZm8lNDBjYXJyaWVyLWdlb21ldHJlLmNvbSUzQyUyRmElM0UlM0MlMkZzdHJvbmclM0UlM0MlMkZkaXYlM0UlMEElM0MlMkZjZW50ZXIlM0U=[\/vc_raw_html][\/vc_column][\/vc_row][vc_row][vc_column][vc_custom_heading text=&#8221;COLLECTIVIT\u00c9S LOCALES &amp; TERRITORIALES&#8221; font_container=&#8221;tag:h2|font_size:45px|text_align:center|line_height:60px&#8221; use_theme_fonts=&#8221;yes&#8221; el_class=&#8221;base_font_color&#8221; css=&#8221;.vc_custom_1510129038101{margin-top: 20px !important;margin-bottom: 28px !important;}&#8221; subtitle=&#8221;Garantissez la faisabilit\u00e9 et valorisez vos projets d\u2019am\u00e9nagements.&#8221;][\/vc_column][\/vc_row][vc_row gap=&#8221;20&#8243; css=&#8221;.vc_custom_1510130623954{margin-bottom: 35px !important;}&#8221;][vc_column width=&#8221;2\/3&#8243;][vc_column_text]<\/p>\n<h5><strong>S\u00e9curiser et valoriser vos projets d\u2019am\u00e9nagement n\u00e9cessitent une ma\u00eetrise de tous les aspects techniques, juridiques et r\u00e9glementaires.<\/strong><\/h5>\n<p>Notre expertise, notre proximit\u00e9 et notre connaissance du terrain nous permettent de vous proposer un accompagnement sur-mesure \u00e0 toutes les \u00e9tapes de votre projet.<\/p>\n<h5>En amont du projet<\/h5>\n<p>En amont, notre mission est de vous conseiller et de vous garantir que l\u2019ensemble des conditions de faisabilit\u00e9 ont \u00e9t\u00e9 prises en compte et correspondent aux r\u00e9glementations actuelles en vigueur.<br \/>\nNous assurons la production de l\u2019ensemble des documents, relev\u00e9s et plans n\u00e9cessaires \u00e0 la r\u00e9alisation et \u00e0 l\u2019optimisation de votre projet dans sa phase pr\u00e9paratoire.<\/p>\n<h5>Pendant la r\u00e9alisation du projet<\/h5>\n<p>Nous pouvons ensuite vous proposer un accompagnement op\u00e9rationnel et adapt\u00e9 aux contraintes de certains projets complexes en assurant la direction de vos chantiers. Vos relations avec l\u2019ensembles des acteurs et partenaires du projets seront simplifi\u00e9es et les prises de d\u00e9cisions plus efficaces.[\/vc_column_text][vc_separator style=&#8221;dotted&#8221;][vc_btn title=&#8221;Prenez contact avec une de nos agences&#8221; color=&#8221;default&#8221; align=&#8221;left&#8221; i_icon_fontawesome=&#8221;fa fa-comments&#8221; css_animation=&#8221;bounceIn&#8221; add_icon=&#8221;true&#8221; link=&#8221;url:https%3A%2F%2Fdev.carrier-geometre.com%2Findex.php%2Fcontact%2F|||&#8221;][\/vc_column][vc_column width=&#8221;1\/3&#8243; css=&#8221;.vc_custom_1510131205682{padding-top: 30px !important;}&#8221;][vc_single_image image=&#8221;3255&#8243; img_size=&#8221;large&#8221;][vc_single_image image=&#8221;3260&#8243; img_size=&#8221;large&#8221;][vc_single_image image=&#8221;2760&#8243; img_size=&#8221;large&#8221;][\/vc_column][\/vc_row][vc_row full_width=&#8221;stretch_row_content_no_spaces&#8221; css_animation=&#8221;none&#8221; css=&#8221;.vc_custom_1510130960295{background-color: #f4f4f4 !important;}&#8221;][vc_column css_animation=&#8221;flipInX&#8221;][stm_quote quote=&#8221;Entre vision globale et sens du d\u00e9tail, notre domaine de comp\u00e9tences ne s\u2019arr\u00eate pas aux limites de votre terrain. Nous souhaitons particuli\u00e8rement vous apporter un accompagnement sur-mesure et des conseils personnalis\u00e9s.&#8221; author_name=&#8221;Cabinet CARRIER G\u00e9om\u00e8tres Experts&#8221; css=&#8221;.vc_custom_1665987808067{margin-top: 70px !important;margin-right: 60px !important;margin-bottom: 70px !important;margin-left: 60px !important;}&#8221; image=&#8221;3096&#8243; author_status=&#8221;Votre partenaire tout terrain !&#8221;][\/vc_column][\/vc_row][vc_row gap=&#8221;20&#8243; css=&#8221;.vc_custom_1510132078284{margin-top: 40px !important;}&#8221;][vc_column width=&#8221;2\/3&#8243;][vc_column_text]<\/p>\n<h5><strong>Un large champ d&#8217;intervention <\/strong><\/h5>\n<p><strong>Par nos savoir-faire techniques et juridiques, nous sommes capables d\u2019intervenir dans de nombreux domaines li\u00e9s \u00e0 la propri\u00e9t\u00e9 et \u00e0 l\u2019am\u00e9nagement du territoire : la d\u00e9limitation fonci\u00e8re et les documents attach\u00e9s, la topographie, l\u2019urbanisme, l\u2019am\u00e9nagement foncier, l\u2019ing\u00e9nierie, la ma\u00eetrise d\u2019\u0153uvre, la gestion et l\u2019entremise immobili\u00e8re, la copropri\u00e9t\u00e9, le diagnostic et l\u2019\u00e9valuation, la g\u00e9omatique\u2026<\/strong><\/p>\n<p>Notre connaissance du droit, notre expertise technique et notre ind\u00e9pendance, nous permettent de vous apporter un conseil de qualit\u00e9, juste et pertinent. Notre objectif est de vous aider \u00e0 prendre des d\u00e9cisions conformes au droit et correspondant \u00e0 vos int\u00e9r\u00eats.<\/p>\n<p>Notre ancrage local, nous permet de vous proposer un partenariat efficace et r\u00e9actif pour valoriser et optimiser vos projets d\u2019am\u00e9nagement.[\/vc_column_text][vc_separator style=&#8221;dotted&#8221;][vc_btn title=&#8221;D\u00e9couvrez tous nos services et prestations&#8221; color=&#8221;default&#8221; align=&#8221;left&#8221; i_icon_fontawesome=&#8221;fa fa-search-plus&#8221; css_animation=&#8221;bounceIn&#8221; add_icon=&#8221;true&#8221; link=&#8221;url:https%3A%2F%2Fdev.carrier-geometre.com%2Findex.php%2Fnos-metiers-savoir-faire%2F|||&#8221;][\/vc_column][vc_column width=&#8221;1\/3&#8243; css=&#8221;.vc_custom_1510131253944{padding-top: 30px !important;}&#8221;][vc_single_image image=&#8221;3254&#8243; img_size=&#8221;large&#8221;][vc_single_image image=&#8221;2249&#8243; img_size=&#8221;large&#8221;][\/vc_column][\/vc_row][vc_row][vc_column][vc_empty_space][\/vc_column][\/vc_row][vc_row full_width=&#8221;stretch_row_content_no_spaces&#8221; content_placement=&#8221;middle&#8221; css=&#8221;.vc_custom_1697463291535{margin-top: 0px !important;margin-right: 0px !important;margin-bottom: 0px !important;margin-left: 0px !important;border-top-width: 0px !important;border-right-width: 0px !important;border-bottom-width: 0px !important;border-left-width: 0px !important;padding-top: 0px !important;padding-right: 0px !important;padding-bottom: 0px !important;padding-left: 0px !important;background-color: #c9d200 !important;}&#8221;][vc_column width=&#8221;1\/6&#8243;][\/vc_column][vc_column width=&#8221;2\/3&#8243;][vc_cta h2=&#8221;&#8221; shape=&#8221;square&#8221; style=&#8221;flat&#8221; color=&#8221;white&#8221; add_button=&#8221;right&#8221; btn_title=&#8221;Nos bureaux en Haute Savoie&#8221; btn_color=&#8221;white&#8221; btn_i_align=&#8221;right&#8221; btn_i_icon_fontawesome=&#8221;fa fa-chevron-right&#8221; particles=&#8221;yes&#8221; btn_add_icon=&#8221;true&#8221; css=&#8221;.vc_custom_1512727751343{margin-right: 20px !important;margin-left: 20px !important;padding-top: 10px !important;padding-bottom: 10px !important;background-color: #c9d200 !important;}&#8221; btn_link=&#8221;url:https%3A%2F%2Fdev.carrier-geometre.com%2Findex.php%2Fcontact%2F%23agences|||&#8221;]<\/p>\n<h5><span style=\"font-size: 14pt;\"><span style=\"color: #333333;\"><strong>Une question ? Besoin de plus d&#8217;information ?<\/strong>\u00a0<\/span><span style=\"color: #ffffff;\"><strong>Contactez notre bureau le plus proche et nous vous apporterons les r\u00e9ponses dont vous avez besoin.<\/strong><\/span><\/span><\/h5>\n<p>[\/vc_cta][\/vc_column][vc_column width=&#8221;1\/6&#8243;][\/vc_column][\/vc_row]<\/p>\n<\/div>","protected":false},"excerpt":{"rendered":"<p>[vc_row full_width=&#8221;stretch_row_content_no_spaces&#8221; css=&#8221;.vc_custom_1513762770828{margin-bottom: 30px !important;padding-top: 10px !important;padding-right: 10px !important;padding-bottom: 10px !important;padding-left: 10px !important;background-color: #5a4f4a !important;}&#8221;][vc_column offset=&#8221;vc_hidden-lg vc_hidden-md vc_hidden-sm&#8221;][vc_raw_html css=&#8221;.vc_custom_1513844344726{margin-top: 10px !important;margin-bottom: 10px !important;}&#8221;]JTNDY2VudGVyJTNFJTBBJTNDZm9udCUyMGNvbG9yJTNEJTIyJTIzYzlkMjAwJTIyJTNFJTNDZGl2JTIwY2xhc3MlM0QlMjJpY29uJTIyJTNFJTNDaSUyMGNsYXNzJTNEJTIyZmElMjBzdG0tcXVvdGUyJTIyJTNFJTIwQ29udGFjdCUzQyUyRmklM0UlM0MlMkZkaXYlM0UlM0MlMkZmb250JTNFJTBBJTNDZGl2JTIwY2xhc3MlM0QlMjJ0ZXh0JTIyJTNFJTNDc3Ryb25nJTNFJTNDYiUzRTA0JTIwNTAlMjAwMyUyMDAxJTIwMDAlM0MlMkZiJTNFJTIwJUUyJTgwJUEyJTIwJTNDYSUyMGhyZWYlM0QlMjJtYWlsdG8lM0FpbmZvJTQwY2Fycmllci1nZW9tZXRyZS5jb20lM0ZzdWJqZWN0JTNEQ29udGFjdCUyNTIwU2l0ZSUyNTIwV2ViJTIyJTIwdGFyZ2V0JTNEJTIyX3RvcCUyMiUzRWluZm8lNDBjYXJyaWVyLWdlb21ldHJlLmNvbSUzQyUyRmElM0UlM0MlMkZzdHJvbmclM0UlM0MlMkZkaXYlM0UlMEElM0MlMkZjZW50ZXIlM0U=[\/vc_raw_html][\/vc_column][\/vc_row][vc_row][vc_column][vc_custom_heading text=&#8221;COLLECTIVIT\u00c9S LOCALES &amp; TERRITORIALES&#8221; font_container=&#8221;tag:h2|font_size:45px|text_align:center|line_height:60px&#8221; use_theme_fonts=&#8221;yes&#8221; el_class=&#8221;base_font_color&#8221; css=&#8221;.vc_custom_1510129038101{margin-top: 20px !important;margin-bottom: 28px !important;}&#8221; subtitle=&#8221;Garantissez la faisabilit\u00e9 et valorisez vos projets d\u2019am\u00e9nagements.&#8221;][\/vc_column][\/vc_row][vc_row gap=&#8221;20&#8243; css=&#8221;.vc_custom_1510130623954{margin-bottom: 35px !important;}&#8221;][vc_column width=&#8221;2\/3&#8243;][vc_column_text] S\u00e9curiser et valoriser vos projets d\u2019am\u00e9nagement n\u00e9cessitent<\/p>\n","protected":false},"author":1,"featured_media":0,"parent":22,"menu_order":1,"comment_status":"closed","ping_status":"closed","template":"","meta":{"_exactmetrics_skip_tracking":false,"_exactmetrics_sitenote_active":false,"_exactmetrics_sitenote_note":"","_exactmetrics_sitenote_category":0,"jetpack_post_was_ever_published":false,"footnotes":""},"class_list":["post-33","page","type-page","status-publish","hentry"],"jetpack_shortlink":"https:\/\/wp.me\/Ph6OuN-x","jetpack_sharing_enabled":true,"jetpack_likes_enabled":true,"_links":{"self":[{"href":"https:\/\/dev.carrier-geometre.com\/index.php\/wp-json\/wp\/v2\/pages\/33","targetHints":{"allow":["GET"]}}],"collection":[{"href":"https:\/\/dev.carrier-geometre.com\/index.php\/wp-json\/wp\/v2\/pages"}],"about":[{"href":"https:\/\/dev.carrier-geometre.com\/index.php\/wp-json\/wp\/v2\/types\/page"}],"author":[{"embeddable":true,"href":"https:\/\/dev.carrier-geometre.com\/index.php\/wp-json\/wp\/v2\/users\/1"}],"replies":[{"embeddable":true,"href":"https:\/\/dev.carrier-geometre.com\/index.php\/wp-json\/wp\/v2\/comments?post=33"}],"version-history":[{"count":57,"href":"https:\/\/dev.carrier-geometre.com\/index.php\/wp-json\/wp\/v2\/pages\/33\/revisions"}],"predecessor-version":[{"id":3363,"href":"https:\/\/dev.carrier-geometre.com\/index.php\/wp-json\/wp\/v2\/pages\/33\/revisions\/3363"}],"up":[{"embeddable":true,"href":"https:\/\/dev.carrier-geometre.com\/index.php\/wp-json\/wp\/v2\/pages\/22"}],"wp:attachment":[{"href":"https:\/\/dev.carrier-geometre.com\/index.php\/wp-json\/wp\/v2\/media?parent=33"}],"curies":[{"name":"wp","href":"https:\/\/api.w.org\/{rel}","templated":true}]}}