{"id":31,"date":"2017-09-27T15:05:46","date_gmt":"2017-09-27T13:05:46","guid":{"rendered":"https:\/\/dev.carrier-geometre.com\/?page_id=31"},"modified":"2026-03-16T00:12:45","modified_gmt":"2026-03-15T23:12:45","slug":"recrutement","status":"publish","type":"page","link":"https:\/\/dev.carrier-geometre.com\/index.php\/recrutement\/","title":{"rendered":"Espace Recrutement"},"content":{"rendered":"<div class=\"wpb-content-wrapper\"><p>[vc_row css=&#8221;.vc_custom_1697448864934{margin-top: 60px !important;}&#8221;][vc_column][vc_custom_heading stripe_pos=&#8221;hide&#8221; text=&#8221;REJOIGNEZ L&#8217;\u00c9QUIPE !&#8221; font_container=&#8221;tag:h2|font_size:45px|text_align:center|line_height:60px&#8221; use_theme_fonts=&#8221;yes&#8221; css=&#8221;.vc_custom_1512742554768{margin-bottom: 28px !important;}&#8221; el_class=&#8221;base_font_color&#8221;][\/vc_column][\/vc_row][vc_row][vc_column][vc_zigzag el_border_width=&#8221;10&#8243;][\/vc_column][\/vc_row][vc_row gap=&#8221;20&#8243;][vc_column width=&#8221;1\/2&#8243; css=&#8221;.vc_custom_1588594907290{margin-top: 20px !important;}&#8221;][vc_custom_heading stripe_pos=&#8221;hide&#8221; text=&#8221;Postes vacants &amp; Opportunit\u00e9s&#8221; font_container=&#8221;tag:h2|font_size:30px|text_align:left&#8221; use_theme_fonts=&#8221;yes&#8221; css=&#8221;.vc_custom_1512740385029{margin-bottom: 28px !important;}&#8221; el_class=&#8221;base_font_color&#8221;][vc_column_text css=&#8221;.vc_custom_1665490930144{padding-right: 40px !important;padding-bottom: 30px !important;padding-left: 40px !important;background-color: #f9f9f9 !important;}&#8221;]<\/p>\n<div class=\"page\" title=\"Page 1\">\n<div class=\"section\">\n<div class=\"layoutArea\">\n<div class=\"column\">\n<h4><span style=\"font-size: 12pt;\">D\u00e9couvrez nos pages recrutements<\/span><\/h4>\n<p>Les postes \u00e0 pourvoir actuellement sont consultables sur nos pages :<\/p>\n<ul>\n<li><span style=\"color: #333333;\"><a style=\"color: #333333;\" href=\"https:\/\/recrute.pole-emploi.fr\/page-entreprise\/carrier---geometres-experts\" target=\"_blank\" rel=\"noopener\">P\u00f4le Emploi<\/a><\/span><\/li>\n<li><span style=\"color: #333333;\"><a style=\"color: #333333;\" href=\"https:\/\/fr.indeed.com\/cmp\/Carrier-G\u00e9om\u00e8tres--experts\" target=\"_blank\" rel=\"noopener\">Indeed<\/a><\/span><\/li>\n<\/ul>\n<\/div>\n<\/div>\n<\/div>\n<\/div>\n<p>[\/vc_column_text][vc_column_text css=&#8221;.vc_custom_1665490553894{padding-right: 40px !important;padding-bottom: 30px !important;padding-left: 40px !important;background-color: #f9f9f9 !important;}&#8221;]<\/p>\n<div class=\"page\" title=\"Page 1\">\n<div class=\"section\">\n<div class=\"layoutArea\">\n<div class=\"column\">\n<h4><span style=\"font-size: 12pt;\">Le Cabinet est r\u00e9guli\u00e8rement \u00e0 la recherche de Techniciens et Ing\u00e9nieurs \u00a0G\u00e9om\u00e8tres.<\/span><\/h4>\n<p>Vous pouvez nous envoyer votre candidature spontan\u00e9e via le formulaire ci-contre. Si un poste correspondant \u00e0 vos qualifications se lib\u00e8re, nous n&#8217;h\u00e9siterons pas \u00e0 prendre contact avec vous. Merci de votre int\u00e9r\u00eat pour notre cabinet.<\/p><\/div>\n<\/div>\n<\/div>\n<\/div>\n<p>[\/vc_column_text][\/vc_column][vc_column width=&#8221;1\/2&#8243; css=&#8221;.vc_custom_1512742444894{margin-top: 20px !important;}&#8221;][vc_custom_heading stripe_pos=&#8221;between&#8221; text=&#8221;Formulaire de candidature&#8221; font_container=&#8221;tag:h2|font_size:30px|text_align:left&#8221; use_theme_fonts=&#8221;yes&#8221; css=&#8221;.vc_custom_1513748429675{margin-bottom: 28px !important;}&#8221; el_class=&#8221;base_font_color&#8221; subtitle=&#8221;Pour postuler \u00e0 un poste pr\u00e9sent\u00e9 sur le site ou pour faire une candidature spontan\u00e9e, merci de bien vouloir remplir le formulaire ci-dessous. Tous les champs sont obligatoires.&#8221;][vc_column_text]\n<div class=\"wpcf7 no-js\" id=\"wpcf7-f2609-o1\" lang=\"fr-FR\" dir=\"ltr\" data-wpcf7-id=\"2609\">\n<div class=\"screen-reader-response\"><p role=\"status\" aria-live=\"polite\" aria-atomic=\"true\"><\/p> <ul><\/ul><\/div>\n<form action=\"\/index.php\/wp-json\/wp\/v2\/pages\/31#wpcf7-f2609-o1\" method=\"post\" class=\"wpcf7-form init\" aria-label=\"Formulaire de contact\" enctype=\"multipart\/form-data\" novalidate=\"novalidate\" data-status=\"init\">\n<fieldset class=\"hidden-fields-container\"><input type=\"hidden\" name=\"_wpcf7\" value=\"2609\" \/><input type=\"hidden\" name=\"_wpcf7_version\" value=\"6.1.5\" \/><input type=\"hidden\" name=\"_wpcf7_locale\" value=\"fr_FR\" \/><input type=\"hidden\" name=\"_wpcf7_unit_tag\" value=\"wpcf7-f2609-o1\" \/><input type=\"hidden\" name=\"_wpcf7_container_post\" value=\"0\" \/><input type=\"hidden\" name=\"_wpcf7_posted_data_hash\" value=\"\" \/><input type=\"hidden\" name=\"_wpcf7_recaptcha_response\" value=\"\" \/>\n<\/fieldset>\n<label> Votre Nom & Pr\u00e9nom : <\/label>\n    <span class=\"wpcf7-form-control-wrap\" data-name=\"your-name\"><input size=\"40\" maxlength=\"400\" class=\"wpcf7-form-control wpcf7-text wpcf7-validates-as-required\" aria-required=\"true\" aria-invalid=\"false\" value=\"\" type=\"text\" name=\"your-name\" \/><\/span> \n\n<label> Votre adresse de messagerie : <\/label>\n    <span class=\"wpcf7-form-control-wrap\" data-name=\"your-email\"><input size=\"40\" maxlength=\"400\" class=\"wpcf7-form-control wpcf7-email wpcf7-validates-as-required wpcf7-text wpcf7-validates-as-email\" aria-required=\"true\" aria-invalid=\"false\" value=\"\" type=\"email\" name=\"your-email\" \/><\/span>\n\n<label> Votre CV : <\/label>\n    <span class=\"wpcf7-form-control-wrap\" data-name=\"cv\"><input size=\"40\" class=\"wpcf7-form-control wpcf7-file\" accept=\"audio\/*,video\/*,image\/*\" aria-invalid=\"false\" type=\"file\" name=\"cv\" \/><\/span>\n\n<label> Votre lettre de motivation : <\/label>\n    <span class=\"wpcf7-form-control-wrap\" data-name=\"motivation\"><input size=\"40\" class=\"wpcf7-form-control wpcf7-file\" accept=\"audio\/*,video\/*,image\/*\" aria-invalid=\"false\" type=\"file\" name=\"motivation\" \/><\/span>\n\n\n<Br>\n<button type=\"submit\" class=\"button size-lg icon_right\">Envoyer <i class=\"fa fa-chevron-right\"><\/i><\/button><div class=\"wpcf7-response-output\" aria-hidden=\"true\"><\/div>\n<\/form>\n<\/div>\n[\/vc_column_text][\/vc_column][\/vc_row][vc_row full_width=&#8221;stretch_row_content_no_spaces&#8221; equal_height=&#8221;yes&#8221; css=&#8221;.vc_custom_1512743770408{margin-bottom: -60px !important;}&#8221;][vc_column width=&#8221;1\/4&#8243; offset=&#8221;vc_col-xs-6&#8243;][vc_single_image image=&#8221;3258&#8243; img_size=&#8221;large&#8221;][\/vc_column][vc_column width=&#8221;1\/4&#8243; offset=&#8221;vc_col-xs-6&#8243;][vc_single_image image=&#8221;3234&#8243; img_size=&#8221;large&#8221;][\/vc_column][vc_column width=&#8221;1\/4&#8243; offset=&#8221;vc_col-xs-6&#8243;][vc_single_image image=&#8221;3294&#8243; img_size=&#8221;large&#8221;][\/vc_column][vc_column width=&#8221;1\/4&#8243; offset=&#8221;vc_col-xs-6&#8243;][vc_single_image image=&#8221;3266&#8243; img_size=&#8221;large&#8221;][\/vc_column][\/vc_row]<\/p>\n<\/div>","protected":false},"excerpt":{"rendered":"<p>[vc_row css=&#8221;.vc_custom_1697448864934{margin-top: 60px !important;}&#8221;][vc_column][vc_custom_heading stripe_pos=&#8221;hide&#8221; text=&#8221;REJOIGNEZ L&#8217;\u00c9QUIPE !&#8221; font_container=&#8221;tag:h2|font_size:45px|text_align:center|line_height:60px&#8221; use_theme_fonts=&#8221;yes&#8221; css=&#8221;.vc_custom_1512742554768{margin-bottom: 28px !important;}&#8221; el_class=&#8221;base_font_color&#8221;][\/vc_column][\/vc_row][vc_row][vc_column][vc_zigzag el_border_width=&#8221;10&#8243;][\/vc_column][\/vc_row][vc_row gap=&#8221;20&#8243;][vc_column width=&#8221;1\/2&#8243; css=&#8221;.vc_custom_1588594907290{margin-top: 20px !important;}&#8221;][vc_custom_heading stripe_pos=&#8221;hide&#8221; text=&#8221;Postes vacants &amp; Opportunit\u00e9s&#8221; font_container=&#8221;tag:h2|font_size:30px|text_align:left&#8221; use_theme_fonts=&#8221;yes&#8221; css=&#8221;.vc_custom_1512740385029{margin-bottom: 28px !important;}&#8221; el_class=&#8221;base_font_color&#8221;][vc_column_text css=&#8221;.vc_custom_1665490930144{padding-right: 40px !important;padding-bottom: 30px !important;padding-left: 40px !important;background-color: #f9f9f9 !important;}&#8221;] D\u00e9couvrez nos pages recrutements Les postes \u00e0 pourvoir actuellement sont consultables sur nos pages :<\/p>\n","protected":false},"author":1,"featured_media":0,"parent":0,"menu_order":0,"comment_status":"closed","ping_status":"closed","template":"","meta":{"_exactmetrics_skip_tracking":false,"_exactmetrics_sitenote_active":false,"_exactmetrics_sitenote_note":"","_exactmetrics_sitenote_category":0,"jetpack_post_was_ever_published":false,"footnotes":""},"class_list":["post-31","page","type-page","status-publish","hentry"],"jetpack_shortlink":"https:\/\/wp.me\/Ph6OuN-v","jetpack_sharing_enabled":true,"jetpack_likes_enabled":true,"_links":{"self":[{"href":"https:\/\/dev.carrier-geometre.com\/index.php\/wp-json\/wp\/v2\/pages\/31","targetHints":{"allow":["GET"]}}],"collection":[{"href":"https:\/\/dev.carrier-geometre.com\/index.php\/wp-json\/wp\/v2\/pages"}],"about":[{"href":"https:\/\/dev.carrier-geometre.com\/index.php\/wp-json\/wp\/v2\/types\/page"}],"author":[{"embeddable":true,"href":"https:\/\/dev.carrier-geometre.com\/index.php\/wp-json\/wp\/v2\/users\/1"}],"replies":[{"embeddable":true,"href":"https:\/\/dev.carrier-geometre.com\/index.php\/wp-json\/wp\/v2\/comments?post=31"}],"version-history":[{"count":63,"href":"https:\/\/dev.carrier-geometre.com\/index.php\/wp-json\/wp\/v2\/pages\/31\/revisions"}],"predecessor-version":[{"id":3595,"href":"https:\/\/dev.carrier-geometre.com\/index.php\/wp-json\/wp\/v2\/pages\/31\/revisions\/3595"}],"wp:attachment":[{"href":"https:\/\/dev.carrier-geometre.com\/index.php\/wp-json\/wp\/v2\/media?parent=31"}],"curies":[{"name":"wp","href":"https:\/\/api.w.org\/{rel}","templated":true}]}}