{"id":3016,"date":"2019-09-13T16:45:57","date_gmt":"2019-09-13T14:45:57","guid":{"rendered":"https:\/\/dev.carrier-geometre.com\/?page_id=3016"},"modified":"2019-09-14T10:13:20","modified_gmt":"2019-09-14T08:13:20","slug":"mentions-legales","status":"publish","type":"page","link":"https:\/\/dev.carrier-geometre.com\/index.php\/mentions-legales\/","title":{"rendered":"Mentions l\u00e9gales"},"content":{"rendered":"\n<div>CARRIER G\u00e9om\u00e8tres Experts a ouvert le site <a href=\"http:\/\/www.carrier-geometre.com\" target=\"_blank\" rel=\"noopener noreferrer\">www.carrier-geometre.com<\/a>\u00a0pour l\u2019information de ses clients et prospects. Aucune exploitation commerciale m\u00eame partielle des donn\u00e9es qui y sont pr\u00e9sent\u00e9es ne pourra \u00eatre effectu\u00e9e sans votre consentement.<\/div>\n<div>\u00a0<\/div>\n<h3>INFORMATIONS G\u00c9N\u00c9RALES<\/h3>\n<div>Le pr\u00e9sent site est publi\u00e9 par la Soci\u00e9t\u00e9 CARRIER G\u00e9om\u00e8tres Experts, immatricul\u00e9e sous le num\u00e9ro 44870415500051, dont le si\u00e8ge social est sis 170 Avenue Jean Morin 74800 La Roche sur Foron. La Soci\u00e9t\u00e9 CARRIER G\u00e9om\u00e8tres Experts est sp\u00e9cialis\u00e9e dans le secteur de l&#8217;activit\u00e9 des g\u00e9om\u00e8tres et est repr\u00e9sent\u00e9e par Philippe CARRIER, en sa qualit\u00e9 de Dirigeant et ses 2 associ\u00e9s Nicolas CORNIER et \u00c9milie BLANC.<\/div>\n<div>\u00a0<\/div>\n<div>Le capital Social de la soci\u00e9t\u00e9 est de 427.000 \u20ac<\/div>\n<div>N\u00b0 SIREN :\u00a0448704155<\/div>\n<div>Num\u00e9ro de t\u00e9l\u00e9phone : +33 (0)4 50 03 01 00<\/div>\n<div>E-mail : <a href=\"mailto:info@carrier-geometre.com\" target=\"_blank\" rel=\"noopener noreferrer\">info@carrier-geometre.com<\/a><\/div>\n<div>\u00a0<\/div>\n<div>\u00a0<\/div>\n<div>Le Directeur de la publication est : Philippe CARRIER<\/div>\n<div>\u00a0<\/div>\n<div>\u00a0<\/div>\n<div>Le d\u00e9veloppement et Web Design du site est r\u00e9alis\u00e9 par :<\/div>\n<div>Mickael Bruneaux &#8211; <a href=\"mailto:mickael@mbruneaux.fr\">mickael@mbruneaux.fr<\/a>\u00a0&#8211; <a href=\"http:\/\/www.mbruneaux.fr\" target=\"_blank\" rel=\"noopener noreferrer\">www.mbruneaux.fr<\/a><\/div>\n<div>\u00a0<\/div>\n<h3>H\u00c9BERGEUR<\/h3>\n<div>L\u2019h\u00e9bergeur du site est OVH, SAS au capital de 10 000 000 \u20ac immatricul\u00e9e au RCS Roubaix \u2013 Tourcoing 424 761 419 00045, Code APE 6202A, N\u00b0 TVA : FR 22 424 761 419.<\/div>\n<div>Dont le Si\u00e8ge social est sis : 2 rue Kellermann \u2013 59100 Roubaix \u2013 France<\/div>\n<div>\u00a0<\/div>\n<div>Pour plus d\u2019informations vous pouvez contacter le service de la r\u00e9daction :\u00a0<\/div>\n<div><a href=\"mailto:info@carrier-geometre.com\">info@carrier-geometre.com<\/a><\/div>\n<div>\u00a0<\/div>\n<h3>PROPRI\u00c9T\u00c9 INTELLECTUELLE<\/h3>\n<div>L\u2019ensemble du contenu de ce site est r\u00e9gi par le code de la Propri\u00e9t\u00e9 Intellectuelle.<\/div>\n<div>L\u2019ensemble des \u00e9l\u00e9ments figurant sur le site, notamment les d\u00e9nominations ou appellations, les logos, les images, les marques, la charte graphique, ic\u00f4nes, textes, slogans, le nom des produits et des services est la propri\u00e9t\u00e9 exclusive de CARRIER G\u00e9om\u00e8tres Experts.<\/div>\n<div>Les reproductions, sur un support papier ou informatique, dudit site et des \u00e9l\u00e9ments qui y sont reproduits sont autoris\u00e9es sous r\u00e9serve qu\u2019elles soient strictement r\u00e9serv\u00e9es \u00e0 un usage personnel excluant tout usage \u00e0 des fins publicitaires et\/ou commerciales et\/ou d\u2019information et\/ou qu\u2019elles soient conformes aux dispositions de l\u2019article L. 122-5 du Code de la Propri\u00e9t\u00e9 Intellectuelle.<\/div>\n<div>A l\u2019exception des dispositions ci-dessus, toute reproduction, repr\u00e9sentation, utilisation ou modification, par quelque proc\u00e9d\u00e9 que ce soit et sur quelque support que ce soit, de tout ou partie du site, de tout ou partie des diff\u00e9rentes \u0153uvres et mod\u00e8les de produits qui le composent, sans avoir obtenu l\u2019autorisation pr\u00e9alable de CARRIER G\u00e9om\u00e8tres Experts, est strictement interdite et constitue un d\u00e9lit de contrefa\u00e7on puni de deux ans d\u2019emprisonnement et de 150 000 euros d\u2019amende.<\/div>\n<div>\u00a0<\/div>\n<div>Cr\u00e9dits photos : LTV Prod.<\/div>\n<div>\u00a0<\/div>\n<h3>DROITS RELATIFS AUX DONN\u00c9ES PERSONNELLES<\/h3>\n<div>CARRIER G\u00e9om\u00e8tres Experts s\u2019engage \u00e0 prot\u00e9ger la vie priv\u00e9e de ses utilisateurs dans le respect des r\u00e9glementations en vigueur et en particulier \u00a0la loi n\u00b078-17 relative \u00e0 l\u2019informatique, aux fichiers et aux libert\u00e9s, ainsi qu\u2019au r\u00e8glement g\u00e9n\u00e9ral europ\u00e9en (UE) 2016\/679 relatif \u00e0 la protection des personnes physiques \u00e0 l\u2019\u00e9gard du traitement des donn\u00e9es \u00e0 caract\u00e8re personnel et \u00e0 la libre circulation de ces donn\u00e9es.<\/div>\n<div>Les utilisateurs disposent, sur leurs donn\u00e9es, des droit d\u2019acc\u00e8s, droit de rectification, droit \u00e0 l\u2019effacement (droit \u00e0 l\u2019oubli), droit d\u2019opposition, droit \u00e0 la limitation du traitement, droit \u00e0 la portabilit\u00e9 en utilisant l\u2019adresse <a href=\"mailto:info@carrier-g\u00e9om\u00e8tre.com\">info@carrier-g\u00e9om\u00e8tre.com<\/a><\/div>\n<div><b>CARRIER G\u00e9om\u00e8tres Experts\u00a0a mis en place une politique de protection des donn\u00e9es personnelles afin de pr\u00e9ciser ses engagements ainsi que le droit des personnes concern\u00e9es. Ces informations sont consultables <a href=\"https:\/\/wp.me\/P9s1Uj-Mp\" target=\"_blank\" rel=\"noopener noreferrer\">ici<\/a>.<\/b><\/div>\n<div>\u00a0<\/div>\n<h3>LIENS HYPERTEXTE<\/h3>\n<div>Toute mise en place d\u2019un lien hypertexte permettant l\u2019acc\u00e8s au site de CARRIER G\u00e9om\u00e8tres Experts\u00a0doit faire l\u2019objet d\u2019une autorisation expresse et pr\u00e9alable de la soci\u00e9t\u00e9 CARRIER G\u00e9om\u00e8tres Experts, qui se r\u00e9serve la possibilit\u00e9 de faire supprimer ce lien \u00e0 tout moment. Seuls sont autoris\u00e9s les liens hypertextes renvoyant \u00e0 la page d\u2019accueil du site CARRIER G\u00e9om\u00e8tres Experts.<\/div>\n<div>Vous devez en cons\u00e9quence prendre contact via le formulaire contact du pr\u00e9sent site ou via l\u2019adresse <a href=\"mailto:info@carrier-geometre.com\">info@carrier-geometre.com<\/a>\u00a0.<\/div>\n<div>\u00a0<\/div>\n<h3>DROIT APPLICABLE<\/h3>\n<div>Le pr\u00e9sent site et ses mentions l\u00e9gales sont soumis au droit fran\u00e7ais.<\/div>\n","protected":false},"excerpt":{"rendered":"<p>CARRIER G\u00e9om\u00e8tres Experts a ouvert le site www.carrier-geometre.com\u00a0pour l\u2019information de ses clients et prospects. Aucune exploitation commerciale m\u00eame partielle des donn\u00e9es qui y sont pr\u00e9sent\u00e9es ne pourra \u00eatre effectu\u00e9e sans votre consentement. \u00a0 INFORMATIONS G\u00c9N\u00c9RALES Le pr\u00e9sent site est publi\u00e9 par la Soci\u00e9t\u00e9 CARRIER G\u00e9om\u00e8tres Experts, immatricul\u00e9e sous le num\u00e9ro 44870415500051, dont le si\u00e8ge social<\/p>\n","protected":false},"author":1,"featured_media":0,"parent":0,"menu_order":0,"comment_status":"closed","ping_status":"closed","template":"","meta":{"_exactmetrics_skip_tracking":false,"_exactmetrics_sitenote_active":false,"_exactmetrics_sitenote_note":"","_exactmetrics_sitenote_category":0,"jetpack_post_was_ever_published":false,"footnotes":""},"class_list":["post-3016","page","type-page","status-publish","hentry"],"jetpack_shortlink":"https:\/\/wp.me\/Ph6OuN-ME","jetpack_sharing_enabled":true,"jetpack_likes_enabled":true,"_links":{"self":[{"href":"https:\/\/dev.carrier-geometre.com\/index.php\/wp-json\/wp\/v2\/pages\/3016","targetHints":{"allow":["GET"]}}],"collection":[{"href":"https:\/\/dev.carrier-geometre.com\/index.php\/wp-json\/wp\/v2\/pages"}],"about":[{"href":"https:\/\/dev.carrier-geometre.com\/index.php\/wp-json\/wp\/v2\/types\/page"}],"author":[{"embeddable":true,"href":"https:\/\/dev.carrier-geometre.com\/index.php\/wp-json\/wp\/v2\/users\/1"}],"replies":[{"embeddable":true,"href":"https:\/\/dev.carrier-geometre.com\/index.php\/wp-json\/wp\/v2\/comments?post=3016"}],"version-history":[{"count":11,"href":"https:\/\/dev.carrier-geometre.com\/index.php\/wp-json\/wp\/v2\/pages\/3016\/revisions"}],"predecessor-version":[{"id":3032,"href":"https:\/\/dev.carrier-geometre.com\/index.php\/wp-json\/wp\/v2\/pages\/3016\/revisions\/3032"}],"wp:attachment":[{"href":"https:\/\/dev.carrier-geometre.com\/index.php\/wp-json\/wp\/v2\/media?parent=3016"}],"curies":[{"name":"wp","href":"https:\/\/api.w.org\/{rel}","templated":true}]}}