{"id":27,"date":"2017-09-27T15:05:23","date_gmt":"2017-09-27T13:05:23","guid":{"rendered":"https:\/\/dev.carrier-geometre.com\/?page_id=27"},"modified":"2023-10-16T15:46:43","modified_gmt":"2023-10-16T13:46:43","slug":"nos-metiers-savoir-faire","status":"publish","type":"page","link":"https:\/\/dev.carrier-geometre.com\/index.php\/nos-metiers-savoir-faire\/","title":{"rendered":"Nos M\u00e9tiers &#038; Savoir-Faire"},"content":{"rendered":"<div class=\"wpb-content-wrapper\"><p>[vc_row css=&#8221;.vc_custom_1697448094122{margin-top: 60px !important;margin-right: 6px !important;}&#8221;][vc_column offset=&#8221;vc_col-lg-8 vc_col-md-8&#8243;][vc_column_text]<\/p>\n<div class=\"page\" title=\"Page 1\">\n<div class=\"layoutArea\">\n<div class=\"column\">\n<h3>UNE EXPERTISE TOUT TERRAIN<\/h3>\n<p>Entre vision globale et sens du d\u00e9tail, notre domaine de comp\u00e9tences ne s\u2019arr\u00eate pas aux limites de votre terrain. Accompagnement sur mesure et conseils personnalis\u00e9s : autant d\u2019engagements pour vous assister dans vos d\u00e9marches administratives et juridiques.<\/p>\n<\/div>\n<\/div>\n<\/div>\n<p>[\/vc_column_text][vc_tta_accordion style=&#8221;flat&#8221; shape=&#8221;square&#8221; gap=&#8221;10&#8243; c_position=&#8221;right&#8221; active_section=&#8221;10&#8243; collapsible_all=&#8221;true&#8221;][vc_tta_section i_icon_fontawesome=&#8221;stm-pin_13&#8243; add_icon=&#8221;true&#8221; title=&#8221;FONCIER \u2022 BORNAGE&#8221; tab_id=&#8221;1507561064770-33007939-e6c3&#8243;][vc_row_inner equal_height=&#8221;yes&#8221;][vc_column_inner css=&#8221;.vc_custom_1507616608175{margin-bottom: 10px !important;}&#8221;][vc_column_text el_id=&#8221;presentationbornage&#8221;]<\/p>\n<div class=\"page\" title=\"Page 1\">\n<p><span style=\"font-size: 12pt;\"><strong>La d\u00e9limitation et la division des biens sont la comp\u00e9tence exclusive de votre g\u00e9om\u00e8tre expert. <\/strong><\/span>Le bornage est l\u2019op\u00e9ration qui consiste \u00e0 fixer d\u00e9finitivement la limite entre deux terrains contigus. Des rep\u00e8res sont mis en place (bornes, clous, marques de peinture) et sont repr\u00e9sent\u00e9s et d\u00e9cris dans un proc\u00e8s-verbal de bornage. En cas de vente, de donation ou d\u2019\u00e9change d\u2019une partie de votre terrain, nous r\u00e9alisons les plans de division, des servitudes et nous nous chargeons des formalit\u00e9s aupr\u00e8s du service du cadastre.<\/p>\n<div class=\"layoutArea\">\n<div class=\"column\">\n<hr \/>\n<p><em>Bornages, lotissements, divisions parcellaires.<\/em><\/p>\n<\/div>\n<\/div>\n<\/div>\n<p>[\/vc_column_text][vc_btn title=&#8221;Demandez un devis&#8221; style=&#8221;flat&#8221; color=&#8221;default&#8221; size=&#8221;xs&#8221; i_icon_fontawesome=&#8221;stm-stm14_calc&#8221; add_icon=&#8221;true&#8221; link=&#8221;url:https%3A%2F%2Fdev.carrier-geometre.com%2Findex.php%2F2542-2%2F|||&#8221;][\/vc_column_inner][\/vc_row_inner][\/vc_tta_section][vc_tta_section i_icon_fontawesome=&#8221;stm-compass&#8221; add_icon=&#8221;true&#8221; title=&#8221;AM\u00c9NAGEMENT &amp; URBANISME&#8221; tab_id=&#8221;1507561439555-9e19e7bd-b698&#8243;][vc_row_inner][vc_column_inner css=&#8221;.vc_custom_1507616608175{margin-bottom: 10px !important;}&#8221;][vc_column_text]<\/p>\n<div class=\"page\" title=\"Page 1\">\n<div class=\"layoutArea\">\n<div class=\"column\">\n<p><span style=\"font-size: 12pt;\"><strong>Nous vous accompagnons dans l\u2019am\u00e9nagement de votre terrain, votre propri\u00e9t\u00e9 ou espace public dont vous avez la responsabilit\u00e9.<\/strong> <\/span>Ces op\u00e9rations n\u00e9cessitent au pr\u00e9alable une autorisation d\u2019urbanisme qui peut aller d\u2019une simple d\u00e9claration de division \u00e0 un permis d\u2019am\u00e9nager o\u00f9 les viabilit\u00e9s devront \u00eatre con\u00e7ues et r\u00e9alis\u00e9es.<\/p>\n<p>Dans le cadre de projets d\u2019am\u00e9nagement de l\u2019espace public, nous r\u00e9alisons les \u00e9tudes n\u00e9cessaires pour assurer une ma\u00eetrise d\u2019\u0153uvre efficace et performante. \u00a0<a href=\"https:\/\/dev.carrier-geometre.com\/index.php\/nos-metiers-savoir-faire\/#presentationoeuvrevrd\">(+ d\u2019info)<\/a><\/p>\n<hr \/>\n<p><em>D\u00e9clarations pr\u00e9alables, permis d\u2019am\u00e9nager, zones d\u2019am\u00e9nagement concert\u00e9 (ZAC), plans d\u2019am\u00e9nagement de zone, permis valant division, dossiers de d\u00e9claration d\u2019utilit\u00e9 publique, dossiers d\u2019enqu\u00eate parcellaire rapports d\u2019incidence loi sur l\u2019eau, dossiers d\u2019autorisation de remblais et de stockage.<\/em><\/p>\n<\/div>\n<\/div>\n<\/div>\n<p>[\/vc_column_text][vc_btn title=&#8221;Prenez contact avec une de nos agences&#8221; style=&#8221;flat&#8221; color=&#8221;default&#8221; size=&#8221;xs&#8221; i_icon_fontawesome=&#8221;fa fa-comments&#8221; add_icon=&#8221;true&#8221; link=&#8221;url:https%3A%2F%2Fdev.carrier-geometre.com%2Findex.php%2Fcontact%2F|||&#8221;][\/vc_column_inner][\/vc_row_inner][\/vc_tta_section][vc_tta_section i_icon_fontawesome=&#8221;stm-stn14_home&#8221; add_icon=&#8221;true&#8221; title=&#8221;RELEV\u00c9S ARCHITECTURAUX \u2022 MAQUETTES 3D&#8221; tab_id=&#8221;1507561484322-4bef85b0-1c47&#8243;][vc_row_inner][vc_column_inner css=&#8221;.vc_custom_1507616608175{margin-bottom: 10px !important;}&#8221;][vc_column_text]<\/p>\n<div class=\"page\" title=\"Page 1\">\n<div class=\"layoutArea\">\n<div class=\"column\">\n<p><span style=\"font-size: 12pt;\"><strong>Afin que vous puissiez r\u00e9aliser votre projet de r\u00e9novation, nous effectuons les plans d\u2019int\u00e9rieur, de fa\u00e7ades, les coupes du b\u00e2timent et de la charpente.<\/strong><\/span><\/p>\n<p>Nos outils d\u2019acquisition 3D nous permettent de vous fournir des donn\u00e9es d\u2019une tr\u00e8s haute pr\u00e9cision et d\u2019\u00e9laborer des relev\u00e9s, plans et maquette de grande qualit\u00e9.<\/p>\n<p>Ces documents permettront \u00e0 votre architecte de r\u00e9aliser votre projet dans les meilleures conditions et les meilleurs d\u00e9lais.<\/p>\n<hr \/>\n<p><em>Plans, coupes de fa\u00e7ade, maquettes 3D &#8211; BIM, nuage de points&#8230;<\/em><\/p>\n<\/div>\n<\/div>\n<\/div>\n<p>[\/vc_column_text][vc_btn title=&#8221;Demandez un devis&#8221; style=&#8221;flat&#8221; color=&#8221;default&#8221; size=&#8221;xs&#8221; i_icon_fontawesome=&#8221;stm-stm14_calc&#8221; add_icon=&#8221;true&#8221; link=&#8221;url:https%3A%2F%2Fdev.carrier-geometre.com%2Findex.php%2F2542-2%2F|||&#8221;][vc_separator][vc_raw_html]JTNDcCUzRUV4ZW1wbGUlMjBkZSUyMHIlQzMlQTlhbGlzYXRpb24lMjAzRCUzQyUyRnAlM0UlMEElM0NkaXYlMjBjbGFzcyUzRCUyMnJlc3AtY29udGFpbmVyJTIyJTNFJTIwY2xhc3MlM0QlMjJza2V0Y2hmYWItZW1iZWQtd3JhcHBlciUyMiUzRSUwQSUyMCUyMCUyMCUyMCUzQ2lmcmFtZSUyMGNsYXNzJTNEJTIycmVzcC1pZnJhbWUlMjIlMjB0aXRsZSUzRCUyMkElMjAzRCUyMG1vZGVsJTIyJTIwc3JjJTNEJTIyaHR0cHMlM0ElMkYlMkZza2V0Y2hmYWIuY29tJTJGbW9kZWxzJTJGODE0YzdjYWEwZTk3NDkwMjkyOWQzY2EwZWUzNTJkMTElMkZlbWJlZCUyMiUyMGZyYW1lYm9yZGVyJTNEJTIyMCUyMiUyMGFsbG93JTNEJTIyYXV0b3BsYXklM0IlMjBmdWxsc2NyZWVuJTNCJTIwdnIlMjIlMjBtb3phbGxvd2Z1bGxzY3JlZW4lM0QlMjJ0cnVlJTIyJTIwd2Via2l0YWxsb3dmdWxsc2NyZWVuJTNEJTIydHJ1ZSUyMiUzRSUzQyUyRmlmcmFtZSUzRSUwQSUzQyUyRmRpdiUzRQ==[\/vc_raw_html][\/vc_column_inner][\/vc_row_inner][\/vc_tta_section][vc_tta_section i_icon_fontawesome=&#8221;stm-stm14_manufacturing&#8221; add_icon=&#8221;true&#8221; title=&#8221;MA\u00ceTRISE D\u2019\u0152UVRE \u2022 ING\u00c9NIERIE VRD&#8221; tab_id=&#8221;presentationoeuvrevrd&#8221;][vc_row_inner][vc_column_inner css=&#8221;.vc_custom_1507616608175{margin-bottom: 10px !important;}&#8221;][vc_column_text]<\/p>\n<div class=\"page\" title=\"Page 1\">\n<div class=\"layoutArea\">\n<div class=\"column\">\n<p><span style=\"font-size: 12pt;\"><strong>Nous vous accompagnons dans la conception de vos projets d\u2019am\u00e9nagement<\/strong> <\/span>comprenant la r\u00e9alisation de Voiries et R\u00e9seaux, la consultation des entreprises de terrassement, r\u00e9seaux secs, humides et enrob\u00e9s. Nous assurons pour votre compte la direction du chantier. Nous vous assisterons lors de la passation des contrats de travaux ainsi que lors des op\u00e9rations de r\u00e9ception.<\/p>\n<hr \/>\n<p><em>\u00c9tudes de faisabilit\u00e9, documentation de projet, dossiers de consultation, assistance contrat travaux, direction de chantier, r\u00e9ception.<\/em><\/p>\n<\/div>\n<\/div>\n<\/div>\n<p>[\/vc_column_text][vc_btn title=&#8221;Contactez une de nos agences&#8221; style=&#8221;flat&#8221; color=&#8221;default&#8221; size=&#8221;xs&#8221; i_icon_fontawesome=&#8221;fa fa-comments&#8221; add_icon=&#8221;true&#8221; link=&#8221;url:https%3A%2F%2Fdev.carrier-geometre.com%2Findex.php%2Fcontact%2F|||&#8221;][\/vc_column_inner][\/vc_row_inner][\/vc_tta_section][vc_tta_section i_icon_fontawesome=&#8221;fa fa-th&#8221; add_icon=&#8221;true&#8221; title=&#8221;MISE EN COPROPRI\u00c9T\u00c9 \u2022 DIVISION EN VOLUMES&#8221; tab_id=&#8221;1507561509703-f34d5efc-2fe2&#8243;][vc_row_inner][vc_column_inner css=&#8221;.vc_custom_1507616608175{margin-bottom: 10px !important;}&#8221;][vc_column_text]<\/p>\n<div class=\"page\" title=\"Page 1\">\n<div class=\"layoutArea\">\n<div class=\"column\">\n<p><span style=\"font-size: 12pt;\"><strong>Pour les ventes ou donations d\u2019immeubles<\/strong><\/span>, nous r\u00e9alisons les relev\u00e9s d\u2019int\u00e9rieur et d\u2019ext\u00e9rieur de votre propri\u00e9t\u00e9, les plans de d\u00e9signation des lots par niveaux, les plans de d\u00e9signation des jouissances ext\u00e9rieures. Nous calculons les milli\u00e8mes g\u00e9n\u00e9raux et de charges. Nous r\u00e9digeons l\u2019\u00e9tat descriptif de division et le r\u00e8glement de copropri\u00e9t\u00e9.<\/p>\n<p><span style=\"font-size: 12pt;\"><strong>Nous vous accompagnons dans le montage d\u2019op\u00e9rations complexes<\/strong><\/span> superposant diff\u00e9rents op\u00e9rateurs publics et priv\u00e9s. Nous d\u00e9finissons les volumes de votre propri\u00e9t\u00e9 et des servitudes rattach\u00e9es en 3 Dimensions.<\/p>\n<hr \/>\n<p><em>\u00c9tat descriptif de division, r\u00e8glement, calculs des milli\u00e8mes, loi Carrez<\/em><\/p>\n<\/div>\n<\/div>\n<\/div>\n<p>[\/vc_column_text][vc_btn title=&#8221;Demandez un devis&#8221; style=&#8221;flat&#8221; color=&#8221;default&#8221; size=&#8221;xs&#8221; i_icon_fontawesome=&#8221;stm-stm14_calc&#8221; add_icon=&#8221;true&#8221; link=&#8221;url:https%3A%2F%2Fdev.carrier-geometre.com%2Findex.php%2F2542-2%2F|||&#8221;][\/vc_column_inner][\/vc_row_inner][\/vc_tta_section][vc_tta_section i_icon_fontawesome=&#8221;fa fa-map-o&#8221; add_icon=&#8221;true&#8221; title=&#8221;TOPOGRAPHIE&#8221; tab_id=&#8221;presentationtopographie&#8221;][vc_row_inner][vc_column_inner css=&#8221;.vc_custom_1507616608175{margin-bottom: 10px !important;}&#8221;][vc_column_text]<\/p>\n<div class=\"page\" title=\"Page 1\">\n<div class=\"layoutArea\">\n<div class=\"column\">\n<p><span style=\"font-size: 12pt;\"><strong>Base de tous les travaux d\u2019am\u00e9nagement, le plan topographique est une image de votre terrain en 3 dimensions.<\/strong><\/span> Il fait appara\u00eetre l\u2019ensemble des \u00e9l\u00e9ments pr\u00e9sents ainsi que les divers r\u00e9seaux enterr\u00e9s ou a\u00e9riens. En fonction de sa destination et de la pr\u00e9cision des d\u00e9tails \u00e0 repr\u00e9senter, il peut \u00eatre r\u00e9alis\u00e9 \u00e0 plusieurs \u00e9chelles, du 1\/100\u00e8me au 1\/500\u00e8me. Nous r\u00e9alisons \u00e9galement implantations et tout contr\u00f4le de stabilit\u00e9 d\u2019ouvrage.<\/p>\n<hr \/>\n<p><em>Plans topographiques, mesures par proc\u00e9d\u00e9s GPS, nivellements num\u00e9riques, lev\u00e9s de carri\u00e8res, calculs de cubatures, stocks, auscultations d\u2019ouvrages, implantations de b\u00e2timents &amp; voiries, plans de r\u00e9colement&#8230;<\/em><\/p>\n<\/div>\n<\/div>\n<\/div>\n<p>[\/vc_column_text][vc_btn title=&#8221;Demandez un devis&#8221; style=&#8221;flat&#8221; color=&#8221;default&#8221; size=&#8221;xs&#8221; i_icon_fontawesome=&#8221;stm-stm14_calc&#8221; add_icon=&#8221;true&#8221; link=&#8221;url:https%3A%2F%2Fdev.carrier-geometre.com%2Findex.php%2F2542-2%2F|||&#8221;][\/vc_column_inner][\/vc_row_inner][\/vc_tta_section][vc_tta_section i_icon_fontawesome=&#8221;fa fa-database&#8221; add_icon=&#8221;true&#8221; title=&#8221;INT\u00c9GRATION SIG&#8221; tab_id=&#8221;1507561611458-3537f57b-c858&#8243;][vc_row_inner][vc_column_inner css=&#8221;.vc_custom_1507616608175{margin-bottom: 10px !important;}&#8221;][vc_column_text]<\/p>\n<div class=\"page\" title=\"Page 1\">\n<div class=\"layoutArea\">\n<div class=\"column\">\n<p><span style=\"font-size: 12pt;\"><strong>Nous int\u00e9grons et structurons pour les collectivit\u00e9s territoriales des donn\u00e9es g\u00e9olocalis\u00e9es dans leurs syst\u00e8mes d\u2019informations g\u00e9ographiques<\/strong><\/span> permettant une consultation en ligne des plans locaux d\u2019urbanisme et des plans de l\u2019ensemble de leurs r\u00e9seaux de distribution.<\/p>\n<hr \/>\n<p><em>Plans de zonage, Plan Local d\u2019Urbanisme (PLU), structuration de donn\u00e9es pour SIG.<\/em><\/p>\n<\/div>\n<\/div>\n<\/div>\n<p>[\/vc_column_text][vc_btn title=&#8221;Contactez une de nos agences&#8221; style=&#8221;flat&#8221; color=&#8221;default&#8221; size=&#8221;xs&#8221; i_icon_fontawesome=&#8221;stm-stm14_calc&#8221; add_icon=&#8221;true&#8221; link=&#8221;url:https%3A%2F%2Fdev.carrier-geometre.com%2Findex.php%2Fcontact%2F|||&#8221;][\/vc_column_inner][\/vc_row_inner][\/vc_tta_section][\/vc_tta_accordion][vc_empty_space height=&#8221;50px&#8221;][\/vc_column][vc_column offset=&#8221;vc_col-lg-4 vc_col-md-4 vc_hidden-sm vc_hidden-xs&#8221;][stm_sidebar sidebar=&#8221;1803&#8243;][\/vc_column][\/vc_row][vc_row full_width=&#8221;stretch_row_content_no_spaces&#8221; content_placement=&#8221;middle&#8221; css=&#8221;.vc_custom_1697463291535{margin-top: 0px !important;margin-right: 0px !important;margin-bottom: 0px !important;margin-left: 0px !important;border-top-width: 0px !important;border-right-width: 0px !important;border-bottom-width: 0px !important;border-left-width: 0px !important;padding-top: 0px !important;padding-right: 0px !important;padding-bottom: 0px !important;padding-left: 0px !important;background-color: #c9d200 !important;}&#8221;][vc_column width=&#8221;1\/6&#8243;][\/vc_column][vc_column width=&#8221;2\/3&#8243;][vc_cta h2=&#8221;&#8221; shape=&#8221;square&#8221; style=&#8221;flat&#8221; color=&#8221;white&#8221; add_button=&#8221;right&#8221; btn_title=&#8221;Nos bureaux en Haute Savoie&#8221; btn_color=&#8221;white&#8221; btn_i_align=&#8221;right&#8221; btn_i_icon_fontawesome=&#8221;fa fa-chevron-right&#8221; particles=&#8221;yes&#8221; btn_add_icon=&#8221;true&#8221; css=&#8221;.vc_custom_1697463999255{margin-right: 20px !important;margin-left: 20px !important;padding-top: 10px !important;padding-bottom: 10px !important;background-color: #c9d200 !important;}&#8221; btn_link=&#8221;url:https%3A%2F%2Fdev.carrier-geometre.com%2Findex.php%2Fcontact%2F%23agences|||&#8221;]<\/p>\n<h5><span style=\"font-size: 14pt;\"><span style=\"color: #333333;\"><strong>Une question ? Besoin de plus d&#8217;information ?<\/strong>\u00a0<\/span><br \/>\n<span style=\"color: #ffffff;\"><strong>Contactez notre bureau le plus proche et nous vous apporterons les r\u00e9ponses dont vous avez besoin.<\/strong><\/span><\/span><\/h5>\n<p>[\/vc_cta][\/vc_column][vc_column width=&#8221;1\/6&#8243;][\/vc_column][\/vc_row][vc_row full_width=&#8221;stretch_row_content_no_spaces&#8221; css=&#8221;.vc_custom_1512654700908{margin-bottom: -60px !important;}&#8221;][vc_column width=&#8221;1\/4&#8243; offset=&#8221;vc_col-xs-6&#8243;][vc_single_image image=&#8221;3287&#8243; img_size=&#8221;large&#8221;][\/vc_column][vc_column width=&#8221;1\/4&#8243; offset=&#8221;vc_col-xs-6&#8243;][vc_single_image image=&#8221;3271&#8243; img_size=&#8221;large&#8221;][\/vc_column][vc_column width=&#8221;1\/4&#8243; offset=&#8221;vc_col-xs-6&#8243;][vc_single_image image=&#8221;3267&#8243; img_size=&#8221;large&#8221;][\/vc_column][vc_column width=&#8221;1\/4&#8243; offset=&#8221;vc_col-xs-6&#8243;][vc_single_image image=&#8221;3247&#8243; img_size=&#8221;large&#8221;][\/vc_column][\/vc_row]<\/p>\n<\/div>","protected":false},"excerpt":{"rendered":"<p>[vc_row css=&#8221;.vc_custom_1697448094122{margin-top: 60px !important;margin-right: 6px !important;}&#8221;][vc_column offset=&#8221;vc_col-lg-8 vc_col-md-8&#8243;][vc_column_text] UNE EXPERTISE TOUT TERRAIN Entre vision globale et sens du d\u00e9tail, notre domaine de comp\u00e9tences ne s\u2019arr\u00eate pas aux limites de votre terrain. Accompagnement sur mesure et conseils personnalis\u00e9s : autant d\u2019engagements pour vous assister dans vos d\u00e9marches administratives et juridiques. [\/vc_column_text][vc_tta_accordion style=&#8221;flat&#8221; shape=&#8221;square&#8221; gap=&#8221;10&#8243; c_position=&#8221;right&#8221; active_section=&#8221;10&#8243;<\/p>\n","protected":false},"author":1,"featured_media":0,"parent":0,"menu_order":0,"comment_status":"closed","ping_status":"closed","template":"","meta":{"_exactmetrics_skip_tracking":false,"_exactmetrics_sitenote_active":false,"_exactmetrics_sitenote_note":"","_exactmetrics_sitenote_category":0,"jetpack_post_was_ever_published":false,"footnotes":""},"class_list":["post-27","page","type-page","status-publish","hentry"],"jetpack_shortlink":"https:\/\/wp.me\/Ph6OuN-r","jetpack_sharing_enabled":false,"jetpack_likes_enabled":false,"_links":{"self":[{"href":"https:\/\/dev.carrier-geometre.com\/index.php\/wp-json\/wp\/v2\/pages\/27","targetHints":{"allow":["GET"]}}],"collection":[{"href":"https:\/\/dev.carrier-geometre.com\/index.php\/wp-json\/wp\/v2\/pages"}],"about":[{"href":"https:\/\/dev.carrier-geometre.com\/index.php\/wp-json\/wp\/v2\/types\/page"}],"author":[{"embeddable":true,"href":"https:\/\/dev.carrier-geometre.com\/index.php\/wp-json\/wp\/v2\/users\/1"}],"replies":[{"embeddable":true,"href":"https:\/\/dev.carrier-geometre.com\/index.php\/wp-json\/wp\/v2\/comments?post=27"}],"version-history":[{"count":216,"href":"https:\/\/dev.carrier-geometre.com\/index.php\/wp-json\/wp\/v2\/pages\/27\/revisions"}],"predecessor-version":[{"id":3349,"href":"https:\/\/dev.carrier-geometre.com\/index.php\/wp-json\/wp\/v2\/pages\/27\/revisions\/3349"}],"wp:attachment":[{"href":"https:\/\/dev.carrier-geometre.com\/index.php\/wp-json\/wp\/v2\/media?parent=27"}],"curies":[{"name":"wp","href":"https:\/\/api.w.org\/{rel}","templated":true}]}}