{"id":2512,"date":"2017-12-07T16:33:19","date_gmt":"2017-12-07T15:33:19","guid":{"rendered":"https:\/\/dev.carrier-geometre.com\/?page_id=2512"},"modified":"2023-10-15T17:57:02","modified_gmt":"2023-10-15T15:57:02","slug":"galerie-photo","status":"publish","type":"page","link":"https:\/\/dev.carrier-geometre.com\/index.php\/galerie-photo\/","title":{"rendered":"Galerie Photo"},"content":{"rendered":"<div class=\"wpb-content-wrapper\"><p>[vc_row full_width=&#8221;stretch_row_content_no_spaces&#8221; css=&#8221;.vc_custom_1513762598746{padding: 10px !important;background-color: #5a4f4a !important;}&#8221;][vc_column offset=&#8221;vc_hidden-lg vc_hidden-md vc_hidden-sm&#8221;][vc_raw_html css=&#8221;.vc_custom_1513842053198{margin-top: 10px !important;margin-bottom: 10px !important;}&#8221;]JTNDY2VudGVyJTNFJTBBJTNDZm9udCUyMGNvbG9yJTNEJTIyJTIzYzlkMjAwJTIyJTNFJTNDZGl2JTIwY2xhc3MlM0QlMjJpY29uJTIyJTNFJTNDaSUyMGNsYXNzJTNEJTIyZmElMjBzdG0tcXVvdGUyJTIyJTNFJTIwQ29udGFjdCUzQyUyRmklM0UlM0MlMkZkaXYlM0UlM0MlMkZmb250JTNFJTBBJTNDZGl2JTIwY2xhc3MlM0QlMjJ0ZXh0JTIyJTNFJTNDc3Ryb25nJTNFJTNDYiUzRTA0JTIwNTAlMjAwMyUyMDAxJTIwMDAlM0MlMkZiJTNFJTIwJUUyJTgwJUEyJTIwJTNDYSUyMGhyZWYlM0QlMjJtYWlsdG8lM0FpbmZvJTQwY2Fycmllci1nZW9tZXRyZS5jb20lM0ZzdWJqZWN0JTNEQ29udGFjdCUyNTIwU2l0ZSUyNTIwV2ViJTIyJTIwdGFyZ2V0JTNEJTIyX3RvcCUyMiUzRWluZm8lNDBjYXJyaWVyLWdlb21ldHJlLmNvbSUzQyUyRmElM0UlM0MlMkZzdHJvbmclM0UlM0MlMkZkaXYlM0UlMEElM0MlMkZjZW50ZXIlM0U=[\/vc_raw_html][\/vc_column][\/vc_row][vc_row][vc_column offset=&#8221;vc_hidden-md vc_hidden-sm vc_hidden-xs&#8221;][vc_empty_space][\/vc_column][\/vc_row][vc_row css=&#8221;.vc_custom_1512663187075{margin-top: 30px !important;}&#8221;][vc_column offset=&#8221;vc_col-lg-8 vc_col-md-12 vc_col-xs-12&#8243;][vc_custom_heading stripe_pos=&#8221;between&#8221; text=&#8221;GALERIE PHOTO \u2022 CARRIER G\u00c9OM\u00c8TRES EXPERTS&#8221; font_container=&#8221;tag:h4|font_size:25|text_align:left&#8221; use_theme_fonts=&#8221;yes&#8221; el_class=&#8221;base_font_color&#8221; css=&#8221;.vc_custom_1512662006429{margin-bottom: 28px !important;}&#8221;][vc_column_text]Ces photos sont la propri\u00e9t\u00e9 exclusive du Cabinet CARRIER G\u00e9om\u00e8tres Experts.<br \/>\nElles ne peuvent \u00eatre utilis\u00e9es sans accord.[\/vc_column_text][vc_media_grid style=&#8221;load-more&#8221; items_per_page=&#8221;16&#8243; element_width=&#8221;3&#8243; gap=&#8221;15&#8243; item=&#8221;mediaGrid_ScaleWithRotation&#8221; btn_title=&#8221;Charger plus de photos&#8221; btn_style=&#8221;modern&#8221; btn_color=&#8221;theme_style_1&#8243; btn_size=&#8221;xs&#8221; btn_align=&#8221;center&#8221; btn_i_icon_fontawesome=&#8221;fa fa-plus-circle&#8221; initial_loading_animation=&#8221;none&#8221; btn_add_icon=&#8221;true&#8221; grid_id=&#8221;vc_gid:1697385268405-1faec52a-b43d-6&#8243; include=&#8221;1876,2252,2782,2250,2249,2248,2779,2247,2246,2244,2243,2242,2241,2240,2239,2238,3296,3293,3291,3286,3284,3282,3277,3271,3267,3266,3260,3258,3254,3252,3250,3256,3246,3236,3235,3234,3233&#8243;][\/vc_column][vc_column width=&#8221;1\/3&#8243; offset=&#8221;vc_hidden-md vc_hidden-sm vc_hidden-xs&#8221;][stm_sidebar sidebar=&#8221;1803&#8243;][\/vc_column][\/vc_row]<\/p>\n<\/div>","protected":false},"excerpt":{"rendered":"<p>[vc_row full_width=&#8221;stretch_row_content_no_spaces&#8221; css=&#8221;.vc_custom_1513762598746{padding: 10px !important;background-color: #5a4f4a !important;}&#8221;][vc_column offset=&#8221;vc_hidden-lg vc_hidden-md vc_hidden-sm&#8221;][vc_raw_html css=&#8221;.vc_custom_1513842053198{margin-top: 10px !important;margin-bottom: 10px !important;}&#8221;]JTNDY2VudGVyJTNFJTBBJTNDZm9udCUyMGNvbG9yJTNEJTIyJTIzYzlkMjAwJTIyJTNFJTNDZGl2JTIwY2xhc3MlM0QlMjJpY29uJTIyJTNFJTNDaSUyMGNsYXNzJTNEJTIyZmElMjBzdG0tcXVvdGUyJTIyJTNFJTIwQ29udGFjdCUzQyUyRmklM0UlM0MlMkZkaXYlM0UlM0MlMkZmb250JTNFJTBBJTNDZGl2JTIwY2xhc3MlM0QlMjJ0ZXh0JTIyJTNFJTNDc3Ryb25nJTNFJTNDYiUzRTA0JTIwNTAlMjAwMyUyMDAxJTIwMDAlM0MlMkZiJTNFJTIwJUUyJTgwJUEyJTIwJTNDYSUyMGhyZWYlM0QlMjJtYWlsdG8lM0FpbmZvJTQwY2Fycmllci1nZW9tZXRyZS5jb20lM0ZzdWJqZWN0JTNEQ29udGFjdCUyNTIwU2l0ZSUyNTIwV2ViJTIyJTIwdGFyZ2V0JTNEJTIyX3RvcCUyMiUzRWluZm8lNDBjYXJyaWVyLWdlb21ldHJlLmNvbSUzQyUyRmElM0UlM0MlMkZzdHJvbmclM0UlM0MlMkZkaXYlM0UlMEElM0MlMkZjZW50ZXIlM0U=[\/vc_raw_html][\/vc_column][\/vc_row][vc_row][vc_column offset=&#8221;vc_hidden-md vc_hidden-sm vc_hidden-xs&#8221;][vc_empty_space][\/vc_column][\/vc_row][vc_row css=&#8221;.vc_custom_1512663187075{margin-top: 30px !important;}&#8221;][vc_column offset=&#8221;vc_col-lg-8 vc_col-md-12 vc_col-xs-12&#8243;][vc_custom_heading stripe_pos=&#8221;between&#8221; text=&#8221;GALERIE PHOTO \u2022 CARRIER G\u00c9OM\u00c8TRES EXPERTS&#8221; font_container=&#8221;tag:h4|font_size:25|text_align:left&#8221; use_theme_fonts=&#8221;yes&#8221; el_class=&#8221;base_font_color&#8221; css=&#8221;.vc_custom_1512662006429{margin-bottom: 28px !important;}&#8221;][vc_column_text]Ces photos sont la propri\u00e9t\u00e9 exclusive du Cabinet CARRIER G\u00e9om\u00e8tres Experts. Elles ne peuvent \u00eatre utilis\u00e9es sans accord.[\/vc_column_text][vc_media_grid style=&#8221;load-more&#8221;<\/p>\n","protected":false},"author":1,"featured_media":0,"parent":0,"menu_order":0,"comment_status":"closed","ping_status":"closed","template":"","meta":{"_exactmetrics_skip_tracking":false,"_exactmetrics_sitenote_active":false,"_exactmetrics_sitenote_note":"","_exactmetrics_sitenote_category":0,"jetpack_post_was_ever_published":false,"footnotes":""},"class_list":["post-2512","page","type-page","status-publish","hentry"],"jetpack_shortlink":"https:\/\/wp.me\/Ph6OuN-Ew","jetpack_sharing_enabled":true,"jetpack_likes_enabled":true,"_links":{"self":[{"href":"https:\/\/dev.carrier-geometre.com\/index.php\/wp-json\/wp\/v2\/pages\/2512","targetHints":{"allow":["GET"]}}],"collection":[{"href":"https:\/\/dev.carrier-geometre.com\/index.php\/wp-json\/wp\/v2\/pages"}],"about":[{"href":"https:\/\/dev.carrier-geometre.com\/index.php\/wp-json\/wp\/v2\/types\/page"}],"author":[{"embeddable":true,"href":"https:\/\/dev.carrier-geometre.com\/index.php\/wp-json\/wp\/v2\/users\/1"}],"replies":[{"embeddable":true,"href":"https:\/\/dev.carrier-geometre.com\/index.php\/wp-json\/wp\/v2\/comments?post=2512"}],"version-history":[{"count":38,"href":"https:\/\/dev.carrier-geometre.com\/index.php\/wp-json\/wp\/v2\/pages\/2512\/revisions"}],"predecessor-version":[{"id":3312,"href":"https:\/\/dev.carrier-geometre.com\/index.php\/wp-json\/wp\/v2\/pages\/2512\/revisions\/3312"}],"wp:attachment":[{"href":"https:\/\/dev.carrier-geometre.com\/index.php\/wp-json\/wp\/v2\/media?parent=2512"}],"curies":[{"name":"wp","href":"https:\/\/api.w.org\/{rel}","templated":true}]}}